{"id":3018,"date":"2020-04-07T09:14:21","date_gmt":"2020-04-07T09:14:21","guid":{"rendered":"http:\/\/www.transfers-mallorca.com\/transfer\/?page_id=3018"},"modified":"2020-04-07T13:59:20","modified_gmt":"2020-04-07T13:59:20","slug":"about-mallorca","status":"publish","type":"page","link":"https:\/\/www.transfers-mallorca.com\/de\/about-mallorca\/","title":{"rendered":"Info Mallorca"},"content":{"rendered":"<p>[vc_row][vc_column]<div id=\"ultimate-heading-15426a03280d7a8b7\" class=\"uvc-heading ult-adjust-bottom-margin ultimate-heading-15426a03280d7a8b7 uvc-5970 \" data-hspacer=\"no_spacer\"  data-halign=\"center\" style=\"text-align:center\"><div class=\"uvc-heading-spacer no_spacer\" style=\"top\"><\/div><div class=\"uvc-main-heading ult-responsive\"  data-ultimate-target='.uvc-heading.ultimate-heading-15426a03280d7a8b7 h2'  data-responsive-json-new='{\"font-size\":\"desktop:52px;tablet_portrait:34px;mobile:28px;\",\"line-height\":\"\"}' ><h2 style=\"--font-weight:theme;color:#17bbed;\">ABOUT MALLORCA<\/h2><\/div><\/div><style type=\"text\/css\" data-type=\"the7_shortcodes-inline-css\">.gallery-carousel-shortcode.gallery-carousel-shortcode-id-9e6832a9e9494b6791058da5ee024e01 .owl-nav a {\n  width: 36px;\n  height: 36px;\n  border-radius: 500px;\n}\n.dt-arrow-border-on.gallery-carousel-shortcode.gallery-carousel-shortcode-id-9e6832a9e9494b6791058da5ee024e01 .owl-nav a:not(:hover):before {\n  border-width: 0px;\n}\n.dt-arrow-hover-border-on.gallery-carousel-shortcode.gallery-carousel-shortcode-id-9e6832a9e9494b6791058da5ee024e01 .owl-nav a:hover:after {\n  border-width: 0px;\n}\n.gallery-carousel-shortcode.gallery-carousel-shortcode-id-9e6832a9e9494b6791058da5ee024e01 .owl-nav a.owl-prev {\n  top: 50%;\n  transform: translateY(calc(-50% + 0px));\n  left: -43px;\n}\n@media all and (-ms-high-contrast: none) {\n  .gallery-carousel-shortcode.gallery-carousel-shortcode-id-9e6832a9e9494b6791058da5ee024e01 .owl-nav a.owl-prev {\n    transform: translateY(-50%);\n    margin-top: 0px;\n  }\n}\n.gallery-carousel-shortcode.gallery-carousel-shortcode-id-9e6832a9e9494b6791058da5ee024e01 .owl-nav a.owl-prev i {\n  padding: 0px 0px 0px 0px;\n}\n.gallery-carousel-shortcode.gallery-carousel-shortcode-id-9e6832a9e9494b6791058da5ee024e01 .owl-nav a.owl-next {\n  top: 50%;\n  transform: translateY(calc(-50% + 0px));\n  right: -43px;\n}\n@media all and (-ms-high-contrast: none) {\n  .gallery-carousel-shortcode.gallery-carousel-shortcode-id-9e6832a9e9494b6791058da5ee024e01 .owl-nav a.owl-next {\n    transform: translateY(-50%);\n    margin-top: 0px;\n  }\n}\n.gallery-carousel-shortcode.gallery-carousel-shortcode-id-9e6832a9e9494b6791058da5ee024e01 .owl-nav a.owl-next i {\n  padding: 0px 0px 0px 0px;\n}\n.gallery-carousel-shortcode.gallery-carousel-shortcode-id-9e6832a9e9494b6791058da5ee024e01 .owl-nav i {\n  font-size: 18px;\n}\n.gallery-carousel-shortcode.gallery-carousel-shortcode-id-9e6832a9e9494b6791058da5ee024e01 .owl-nav a:not(:hover) i,\n.gallery-carousel-shortcode.gallery-carousel-shortcode-id-9e6832a9e9494b6791058da5ee024e01 .owl-nav a:not(:hover) i:before {\n  color: #ffffff;\n  background: none;\n}\n.gallery-carousel-shortcode.gallery-carousel-shortcode-id-9e6832a9e9494b6791058da5ee024e01 .owl-nav a:hover i,\n.gallery-carousel-shortcode.gallery-carousel-shortcode-id-9e6832a9e9494b6791058da5ee024e01 .owl-nav a:hover i:before {\n  color: rgba(255,255,255,0.75);\n  background: none;\n}\n.gallery-carousel-shortcode.gallery-carousel-shortcode-id-9e6832a9e9494b6791058da5ee024e01 .owl-dots {\n  top: calc(100% + 20px);\n  left: 50%;\n  transform: translateX(calc(-50% + 0px));\n}\n@media all and (-ms-high-contrast: none) {\n  .gallery-carousel-shortcode.gallery-carousel-shortcode-id-9e6832a9e9494b6791058da5ee024e01 .owl-dots {\n    transform: translateX(-50%);\n    margin-left: 0px;\n  }\n}\n.gallery-carousel-shortcode.gallery-carousel-shortcode-id-9e6832a9e9494b6791058da5ee024e01 .owl-dot {\n  width: 10px;\n  height: 10px;\n  margin: 0 8px;\n}\n@media screen and (max-width: 778px) {\n  .gallery-carousel-shortcode.gallery-carousel-shortcode-id-9e6832a9e9494b6791058da5ee024e01.hide-arrows .owl-nav a {\n    display: none;\n  }\n}\n@media screen and (max-width: 778px) {\n  .gallery-carousel-shortcode.gallery-carousel-shortcode-id-9e6832a9e9494b6791058da5ee024e01.reposition-arrows .owl-nav .owl-prev {\n    top: 50%;\n    transform: translateY(calc(-50% + 0px));\n    left: 10px;\n  }\n  .gallery-carousel-shortcode.gallery-carousel-shortcode-id-9e6832a9e9494b6791058da5ee024e01.reposition-arrows .owl-nav .owl-next {\n    top: 50%;\n    transform: translateY(calc(-50% + 0px));\n    right: 10px;\n  }\n}\n@media screen and (max-width: 778px) and all and (-ms-high-contrast: none) {\n  .gallery-carousel-shortcode.gallery-carousel-shortcode-id-9e6832a9e9494b6791058da5ee024e01.reposition-arrows .owl-nav .owl-prev {\n    transform: translateY(-50%);\n    margin-top: 0px;\n  }\n}\n@media screen and (max-width: 778px) and all and (-ms-high-contrast: none) {\n  .gallery-carousel-shortcode.gallery-carousel-shortcode-id-9e6832a9e9494b6791058da5ee024e01.reposition-arrows .owl-nav .owl-next {\n    transform: translateY(-50%);\n    margin-top: 0px;\n  }\n}\n.gallery-carousel-shortcode.gallery-carousel-shortcode-id-9e6832a9e9494b6791058da5ee024e01 figure,\n.gallery-carousel-shortcode.gallery-carousel-shortcode-id-9e6832a9e9494b6791058da5ee024e01 .rollover,\n.gallery-carousel-shortcode.gallery-carousel-shortcode-id-9e6832a9e9494b6791058da5ee024e01 img,\n.gallery-carousel-shortcode.gallery-carousel-shortcode-id-9e6832a9e9494b6791058da5ee024e01 .gallery-rollover {\n  border-radius: 0px;\n}\n.gallery-carousel-shortcode.gallery-carousel-shortcode-id-9e6832a9e9494b6791058da5ee024e01.enable-bg-rollover .gallery-rollover {\n  background: -webkit-linear-gradient();\n  background: linear-gradient();\n}\n.gallery-carousel-shortcode.gallery-carousel-shortcode-id-9e6832a9e9494b6791058da5ee024e01.enable-img-shadow .owl-stage-outer {\n  padding: 9px 0;\n}\n.gallery-carousel-shortcode.gallery-carousel-shortcode-id-9e6832a9e9494b6791058da5ee024e01.enable-bg-rollover.hover-scale figure .rollover:after {\n  background: -webkit-linear-gradient();\n  background: linear-gradient();\n}\n.gallery-carousel-shortcode.gallery-carousel-shortcode-id-9e6832a9e9494b6791058da5ee024e01.gallery-shortcode .gallery-zoom-ico {\n  width: 44px;\n  height: 44px;\n  line-height: 44px;\n  border-radius: 100px;\n  margin: -22px 0 0 -22px;\n  border-width: 0px;\n}\n.dt-icon-bg-on.gallery-carousel-shortcode.gallery-carousel-shortcode-id-9e6832a9e9494b6791058da5ee024e01.gallery-shortcode .gallery-zoom-ico {\n  background: rgba(255,255,255,0.3);\n  box-shadow: none;\n}\n.gallery-carousel-shortcode.gallery-carousel-shortcode-id-9e6832a9e9494b6791058da5ee024e01.gallery-shortcode .gallery-zoom-ico:before,\n.gallery-carousel-shortcode.gallery-carousel-shortcode-id-9e6832a9e9494b6791058da5ee024e01.gallery-shortcode .gallery-zoom-ico span {\n  font-size: 32px;\n  line-height: 44px;\n  color: #ffffff;\n  background: none;\n}\n<\/style><div class=\"owl-carousel gallery-carousel-shortcode gallery-shortcode  dt-gallery-container dt-owl-carousel-call gallery-carousel-shortcode-id-9e6832a9e9494b6791058da5ee024e01 quick-scale-img enable-bg-rollover meta-info-off dt-arrow-border-on dt-arrow-hover-border-on bullets-small-dot-stroke reposition-arrows dt-icon-bg-off arrows-bg-on disable-arrows-hover-bg arrows-hover-bg-on  vc_custom_1586252871526 hover-fade \" data-scroll-mode=\"1\" data-col-num=\"3\" data-wide-col-num=\"3\" data-laptop-col=\"3\" data-h-tablet-columns-num=\"3\" data-v-tablet-columns-num=\"2\" data-phone-columns-num=\"1\" data-col-gap=\"5\" data-stage-padding=\"0\" data-speed=\"600\" data-autoplay=\"false\" data-autoplay_speed=\"6000\" data-arrows=\"true\" data-bullet=\"false\" data-next-icon=\"icon-ar-017-r\" data-prev-icon=\"icon-ar-017-l\" data-img-shadow-size=\"12px\" data-img-shadow-spread=\"3px\"><div data-post-id=\"3027\" data-date=\"2020-04-07T09:44:02+00:00\" data-name=\"mallorca3\"><figure class=\"post\"><a href=\"https:\/\/www.transfers-mallorca.com\/wp-content\/uploads\/2020\/04\/mallorca3.jpg\" class=\"rollover dt-pswp-item layzr-bg\" data-large_image_width=\"500\" data-large_image_height=\"300\" data-dt-img-description=\"\" title=\"mallorca3\"><img loading=\"lazy\" decoding=\"async\" class=\"preload-me owl-lazy-load\" src=\"data:image\/svg+xml,%3Csvg%20xmlns%3D&#39;http%3A%2F%2Fwww.w3.org%2F2000%2Fsvg&#39;%20viewBox%3D&#39;0%200%20500%20300&#39;%2F%3E\" data-src=\"https:\/\/www.transfers-mallorca.com\/wp-content\/uploads\/2020\/04\/mallorca3.jpg\" data-srcset=\"https:\/\/www.transfers-mallorca.com\/wp-content\/uploads\/2020\/04\/mallorca3.jpg 500w\" alt=\"\" width=\"500\" height=\"300\"  \/><span class=\"gallery-rollover\"><span class=\"gallery-zoom-ico icomoon-the7-font-the7-zoom-06\"><span><\/span><\/span><\/span><\/a><\/figure><\/div><div data-post-id=\"3026\" data-date=\"2020-04-07T09:44:01+00:00\" data-name=\"mallorca2\"><figure class=\"post\"><a href=\"https:\/\/www.transfers-mallorca.com\/wp-content\/uploads\/2020\/04\/mallorca2.jpg\" class=\"rollover dt-pswp-item layzr-bg\" data-large_image_width=\"500\" data-large_image_height=\"300\" data-dt-img-description=\"\" title=\"mallorca2\"><img loading=\"lazy\" decoding=\"async\" class=\"preload-me owl-lazy-load\" src=\"data:image\/svg+xml,%3Csvg%20xmlns%3D&#39;http%3A%2F%2Fwww.w3.org%2F2000%2Fsvg&#39;%20viewBox%3D&#39;0%200%20500%20300&#39;%2F%3E\" data-src=\"https:\/\/www.transfers-mallorca.com\/wp-content\/uploads\/2020\/04\/mallorca2.jpg\" data-srcset=\"https:\/\/www.transfers-mallorca.com\/wp-content\/uploads\/2020\/04\/mallorca2.jpg 500w\" alt=\"\" width=\"500\" height=\"300\"  \/><span class=\"gallery-rollover\"><span class=\"gallery-zoom-ico icomoon-the7-font-the7-zoom-06\"><span><\/span><\/span><\/span><\/a><\/figure><\/div><div data-post-id=\"3025\" data-date=\"2020-04-07T09:43:59+00:00\" data-name=\"mallorca1\"><figure class=\"post\"><a href=\"https:\/\/www.transfers-mallorca.com\/wp-content\/uploads\/2020\/04\/mallorca1.jpg\" class=\"rollover dt-pswp-item layzr-bg\" data-large_image_width=\"500\" data-large_image_height=\"300\" data-dt-img-description=\"\" title=\"mallorca1\"><img loading=\"lazy\" decoding=\"async\" class=\"preload-me owl-lazy-load\" src=\"data:image\/svg+xml,%3Csvg%20xmlns%3D&#39;http%3A%2F%2Fwww.w3.org%2F2000%2Fsvg&#39;%20viewBox%3D&#39;0%200%20500%20300&#39;%2F%3E\" data-src=\"https:\/\/www.transfers-mallorca.com\/wp-content\/uploads\/2020\/04\/mallorca1.jpg\" data-srcset=\"https:\/\/www.transfers-mallorca.com\/wp-content\/uploads\/2020\/04\/mallorca1.jpg 500w\" alt=\"\" width=\"500\" height=\"300\"  \/><span class=\"gallery-rollover\"><span class=\"gallery-zoom-ico icomoon-the7-font-the7-zoom-06\"><span><\/span><\/span><\/span><\/a><\/figure><\/div><\/div>[vc_column_text]<\/p>\n<p class=\"item_entradilla\">Mallorca ist Synonym f\u00fcr auf der ganzen Welt bekannte Str\u00e4nde und Buchten, aber auch f\u00fcr Natur, Golfspiel, Kultur, Wassersport, Freizeitvergn\u00fcgen \u2026 Es gibt viele Gr\u00fcnde, die f\u00fcr eine Reise auf diese Insel der Balearen sprechen.<\/p>\n<p class=\"item_texto\">Diese Insel mit fast 80 Kilometern Durchmesser besticht durch ihre Vielfalt. Entlang der 550 Kilometer K\u00fcste befinden sich einige der sch\u00f6nsten Buchten und Sandfl\u00e4chen des Mittelmeers. Mit s\u00e4mtlichem Komfort ausgestattete, wei\u00dfe Str\u00e4nde wechseln sich ab mit winzigen Buchten, die sich zwischen Pinien und Steilklippen im Norden auftun.Das klare, saubere Wasser eignet sich hervorragend zum Baden und f\u00fcr die Aus\u00fcbung von Wassersportarten wie Tauchen, Windsurf, Fischen, Segeln oder Surfen. Das sind jedoch nicht die einzigen Sportarten, denen hier nachgegangen werden kann: Es stehen zahlreiche, sehr gepflegte Golfpl\u00e4tze zur Verf\u00fcgung, die sich bestens in die Umgebung integrieren und sich f\u00fcr Spieler s\u00e4mtlicher Niveaus eignen.Auch der Natur kommt eine besondere Bedeutung zu. Rund 40 Prozent der Fl\u00e4che Mallorcas steht unter Naturschutz. In der von deutlichen Gegens\u00e4tzen gekennzeichneten Landschaft bestechen die Gebirgskette Sierra de Tramuntana im Norden mit ihren \u00fcber 1 400 Meter hohen Gipfeln sowie der Meeresnationalpark Cabrera, eine nur gut eine Stunde von Mallorca entfernt liegende Inselgruppe.<\/p>\n<p class=\"item_texto\">Seit Jahrhunderten \u00fcben D\u00f6rfer wie Dei\u00e0, Pollen\u00e7a oder Valldemossa mit ihrer einzigartigen Atmosph\u00e4re eine anziehende Wirkung auf K\u00fcnstler aus. Auch in der heutigen Zeit w\u00e4hlen ber\u00fchmte Pers\u00f6nlichkeiten aus Politik, Film oder Mode Mallorca als Urlaubsziel.<\/p>\n<p class=\"item_texto\">Einer der Hauptanziehungspunkte der Insel ist die Kultur. Das ganze Jahr \u00fcber finden Festivals, Konzerte, Literaturwettbewerbe, Ausstellungen usw. statt. Das kulturelle Zentrum der Insel ist ihre Hauptstadt, Palma de Mallorca, in der besonders der historische Ortskern und das animierte Nachtleben beeindrucken.Die Insel besitzt zudem hervorragende Verkehrsverbindungen \u00fcber den internationalen Flughafen Son Sant Joan, der sich nur acht Kilometer von Palma entfernt befindet, sowie Schiffsverbindungen und regelm\u00e4\u00dfige F\u00e4hrlinien, die in Palma und Alc\u00fadia anlegen.<\/p>\n<p>[\/vc_column_text][\/vc_column][\/vc_row][vc_row][vc_column][vc_basic_grid post_type=&#8220;post&#8220; max_items=&#8220;10&#8243; grid_id=&#8220;vc_gid:1586267943971-409ffd1d-ed45-8&#8243; taxonomies=&#8220;18&#8243;][\/vc_column][\/vc_row]<\/p>\n","protected":false},"excerpt":{"rendered":"<p>[vc_row][vc_column][vc_column_text] Mallorca ist Synonym f\u00fcr auf der ganzen Welt bekannte Str\u00e4nde und Buchten, aber auch f\u00fcr Natur, Golfspiel, Kultur, Wassersport, Freizeitvergn\u00fcgen \u2026 Es gibt viele Gr\u00fcnde, die f\u00fcr eine Reise auf diese Insel der Balearen sprechen. Diese Insel mit fast 80 Kilometern Durchmesser besticht durch ihre Vielfalt. Entlang der 550 Kilometer K\u00fcste befinden sich einige&hellip;<\/p>\n","protected":false},"author":1,"featured_media":0,"parent":0,"menu_order":0,"comment_status":"closed","ping_status":"closed","template":"","meta":{"footnotes":""},"class_list":["post-3018","page","type-page","status-publish","hentry","description-off"],"aioseo_notices":[],"_links":{"self":[{"href":"https:\/\/www.transfers-mallorca.com\/de\/wp-json\/wp\/v2\/pages\/3018","targetHints":{"allow":["GET"]}}],"collection":[{"href":"https:\/\/www.transfers-mallorca.com\/de\/wp-json\/wp\/v2\/pages"}],"about":[{"href":"https:\/\/www.transfers-mallorca.com\/de\/wp-json\/wp\/v2\/types\/page"}],"author":[{"embeddable":true,"href":"https:\/\/www.transfers-mallorca.com\/de\/wp-json\/wp\/v2\/users\/1"}],"replies":[{"embeddable":true,"href":"https:\/\/www.transfers-mallorca.com\/de\/wp-json\/wp\/v2\/comments?post=3018"}],"version-history":[{"count":11,"href":"https:\/\/www.transfers-mallorca.com\/de\/wp-json\/wp\/v2\/pages\/3018\/revisions"}],"predecessor-version":[{"id":3050,"href":"https:\/\/www.transfers-mallorca.com\/de\/wp-json\/wp\/v2\/pages\/3018\/revisions\/3050"}],"wp:attachment":[{"href":"https:\/\/www.transfers-mallorca.com\/de\/wp-json\/wp\/v2\/media?parent=3018"}],"curies":[{"name":"wp","href":"https:\/\/api.w.org\/{rel}","templated":true}]}}